{"id":358,"date":"2019-07-10T14:40:32","date_gmt":"2019-07-10T14:40:32","guid":{"rendered":"https:\/\/themes.getmotopress.com\/luviana\/?page_id=358"},"modified":"2026-03-13T15:59:22","modified_gmt":"2026-03-13T14:59:22","slug":"services","status":"publish","type":"page","link":"https:\/\/vendeghaz.krisnavolgy.hu\/en\/home\/services\/","title":{"rendered":"Services"},"content":{"rendered":"\n<!--more-->\n\n<p>Please note that Mondays are our designated rest day, during which the gift shop, guided tours, and the restaurant for walk-in guests (except for those who have pre-ordered meals through the guesthouse) are closed; however, the arboretum, nursery, and dairy farm remain open to visitors.  <\/p>\n\n<hr class=\"wp-block-separator has-alpha-channel-opacity\"\/>\n\n<p>At Krishna Valley you\u2019ll find everything you could truly need: free internet access, rooms with private bathrooms or shared multi-bed accommodations, convenient taxi service, as well as unique spiritual experiences and many other interesting opportunities.<br\/>Whether you\u2019re here for a short break or a longer stay, you\u2019ll be fully catered for and rejuvenated.<\/p>\n\n<div style=\"height:50px\" aria-hidden=\"true\" class=\"wp-block-spacer\"><\/div>\n\n<div class=\"wp-block-getwid-section alignfull alignfull getwid-margin-top-none getwid-margin-bottom-none\"><div class=\"wp-block-getwid-section__wrapper getwid-padding-top-none getwid-padding-bottom-normal getwid-padding-left-medium getwid-padding-right-medium getwid-padding-mobile-left-small getwid-padding-mobile-right-small\"><div class=\"wp-block-getwid-section__inner-wrapper\"><div class=\"wp-block-getwid-section__background-holder\"><div class=\"wp-block-getwid-section__background\"><\/div><div class=\"wp-block-getwid-section__foreground\"><\/div><\/div><div class=\"wp-block-getwid-section__content\"><div class=\"wp-block-getwid-section__inner-content\">\n<div class=\"wp-block-columns has-3-columns is-layout-flex wp-container-core-columns-is-layout-9d6595d7 wp-block-columns-is-layout-flex\">\n<div class=\"wp-block-column is-layout-flow wp-block-column-is-layout-flow\">\n<div class=\"wp-block-getwid-icon-box getwid-animation has-text-center\" data-animation=\"swing\"><div style=\"margin-bottom:0px\" class=\"wp-block-getwid-icon-box__icon-container has-layout-framed is-position-top\"><div class=\"wp-block-getwid-icon-box__icon-wrapper has-text-color has-gold-color\" style=\"font-size:70px;padding:0px;border-width:0\"><i class=\"fas fa-horse\"><\/i><\/div><\/div><div class=\"wp-block-getwid-icon-box__content\">\n<div class=\"wp-block-getwid-advanced-heading\" style=\"margin-bottom:20px\"><h4 class=\"wp-block-getwid-advanced-heading__content\">Ox cart rides<\/h4><\/div>\n\n\n\n<p>Experience the atmosphere of the past and discover the beauty of Krishna Valley on a special ox-cart tour!<br\/>Our offers are available for both small and large groups, within the framework of a guided program.<\/p>\n<\/div><\/div>\n\n\n\n<div class=\"wp-block-getwid-button-group\"><div class=\"wp-block-getwid-button-group__wrapper has-spacing-normal has-alignment-center\">\n<div class=\"wp-block-button is-style-outline is-style-outline--1\"><a class=\"wp-block-button__link wp-element-button\" href=\"https:\/\/vendeghaz.krisnavolgy.hu\/en\/services\/ox-cart-tours\/\" target=\"_blank\" rel=\"noreferrer noopener\">SMALL GROUPS<\/a><\/div>\n\n\n\n<div class=\"wp-block-button is-style-outline is-style-outline--2\"><a class=\"wp-block-button__link wp-element-button\" href=\"https:\/\/vendeghaz.krisnavolgy.hu\/en\/services\/ox-cart-tours-more-than-10-participants\/\" target=\"_blank\" rel=\"noreferrer noopener\">LARGE GROUPS<\/a><\/div>\n<\/div><\/div>\n<\/div>\n\n\n\n<div class=\"wp-block-column is-layout-flow wp-block-column-is-layout-flow\">\n<div class=\"wp-block-getwid-icon-box getwid-animation has-text-center\" data-animation=\"flash\"><div style=\"margin-bottom:0px\" class=\"wp-block-getwid-icon-box__icon-container is-position-top\"><div class=\"wp-block-getwid-icon-box__icon-wrapper has-text-color has-gold-color\" style=\"font-size:70px;padding:0px\"><i class=\"fas fa-paint-brush\"><\/i><\/div><\/div><div class=\"wp-block-getwid-icon-box__content\">\n<div class=\"wp-block-getwid-advanced-heading\" style=\"margin-bottom:20px\"><h4 class=\"wp-block-getwid-advanced-heading__content\">Traditional Indian painting \/ pottery workshop<\/h4><\/div>\n\n\n\n<p>Discover your creative side in Krishna Valley! Create your own clay pots by hand, or immerse yourself in the calming and uplifting world of mandala painting! A unique experience where craftsmanship and inner harmony meet.<\/p>\n<\/div><\/div>\n\n\n\n<div class=\"wp-block-getwid-button-group\"><div class=\"wp-block-getwid-button-group__wrapper has-spacing-normal has-alignment-center\">\n<div class=\"wp-block-button is-style-outline is-style-outline--3\"><a class=\"wp-block-button__link wp-element-button\" href=\"https:\/\/vendeghaz.krisnavolgy.hu\/en\/services\/traditional-indian-painting-pottery-workshop-small-family-3-persons\/\" target=\"_blank\" rel=\"noreferrer noopener\">More info<\/a><\/div>\n<\/div><\/div>\n<\/div>\n<\/div>\n\n\n\n<div style=\"height:100px\" aria-hidden=\"true\" class=\"wp-block-spacer\"><\/div>\n\n\n\n<div class=\"wp-block-columns has-3-columns is-layout-flex wp-container-core-columns-is-layout-9d6595d7 wp-block-columns-is-layout-flex\">\n<div class=\"wp-block-column is-layout-flow wp-block-column-is-layout-flow\">\n<div class=\"wp-block-getwid-icon-box getwid-animation has-text-center\" data-animation=\"headShake\"><div style=\"margin-bottom:0px\" class=\"wp-block-getwid-icon-box__icon-container is-position-top\"><div class=\"wp-block-getwid-icon-box__icon-wrapper has-text-color has-gold-color\" style=\"font-size:70px;padding:0px\"><i class=\"fas fa-hands\"><\/i><\/div><\/div><div class=\"wp-block-getwid-icon-box__content\">\n<div class=\"wp-block-getwid-advanced-heading\" style=\"margin-bottom:20px\"><h4 class=\"wp-block-getwid-advanced-heading__content\">Henna painting<\/h4><\/div>\n\n\n\n<p>Make your stay even more memorable with a special henna design!<br\/>When booking your room, choose henna from the extra services and reserve your painting appointment in advance to make sure a spot is available for you too!<\/p>\n<\/div><\/div>\n\n\n\n<div class=\"wp-block-getwid-button-group\"><div class=\"wp-block-getwid-button-group__wrapper has-spacing-normal has-alignment-center\">\n<div class=\"wp-block-button is-style-outline is-style-outline--4\"><a class=\"wp-block-button__link wp-element-button\" href=\"https:\/\/vendeghaz.krisnavolgy.hu\/en\/services\/henna-painting-pay-to-the-artist\/\" target=\"_blank\" rel=\"noreferrer noopener\">More info<\/a><\/div>\n<\/div><\/div>\n<\/div>\n\n\n\n<div class=\"wp-block-column is-layout-flow wp-block-column-is-layout-flow\">\n<div class=\"wp-block-getwid-icon-box getwid-animation has-text-center\" data-animation=\"bounce\"><div style=\"margin-bottom:0px\" class=\"wp-block-getwid-icon-box__icon-container is-position-top\"><div class=\"wp-block-getwid-icon-box__icon-wrapper has-text-color has-gold-color\" style=\"font-size:70px;padding:0px\"><i class=\"fas fa-camera-retro\"><\/i><\/div><\/div><div class=\"wp-block-getwid-icon-box__content\">\n<div class=\"wp-block-getwid-advanced-heading\" style=\"margin-bottom:20px\"><h4 class=\"wp-block-getwid-advanced-heading__content\">Photography course<\/h4><\/div>\n\n\n\n<p>Would you like to learn how to take stunning photos of the starry sky or of wildlife? Now\u2019s your chance! Learn professional techniques and tricks in our photography workshop, and unleash your creativity!<\/p>\n<\/div><\/div>\n\n\n\n<div class=\"wp-block-columns is-layout-flex wp-container-core-columns-is-layout-9d6595d7 wp-block-columns-is-layout-flex\">\n<div class=\"wp-block-column is-layout-flow wp-block-column-is-layout-flow\">\n<div class=\"wp-block-buttons is-horizontal is-content-justification-center is-layout-flex wp-container-core-buttons-is-layout-499968f5 wp-block-buttons-is-layout-flex\">\n<div class=\"wp-block-button is-style-outline is-style-outline--5\"><a class=\"wp-block-button__link wp-element-button\" href=\"https:\/\/vendeghaz.krisnavolgy.hu\/en\/services\/photography-course-1-person\/\" target=\"_blank\" rel=\"noreferrer noopener\">1 person<\/a><\/div>\n\n\n\n<div class=\"wp-block-button is-style-outline is-style-outline--6\"><a class=\"wp-block-button__link wp-element-button\" href=\"https:\/\/vendeghaz.krisnavolgy.hu\/en\/services\/photography-course-2-4-persons\/\" target=\"_blank\" rel=\"noreferrer noopener\">2-4 persons<\/a><\/div>\n\n\n\n<div class=\"wp-block-button is-style-outline is-style-outline--7\"><a class=\"wp-block-button__link wp-element-button\" href=\"https:\/\/vendeghaz.krisnavolgy.hu\/en\/services\/photography-course-5-10-persons\/\" target=\"_blank\" rel=\"noreferrer noopener\">5-10 persons<\/a><\/div>\n<\/div>\n<\/div>\n<\/div>\n<\/div>\n<\/div>\n\n\n\n<div style=\"height:100px\" aria-hidden=\"true\" class=\"wp-block-spacer\"><\/div>\n\n\n\n<div class=\"wp-block-columns has-3-columns is-layout-flex wp-container-core-columns-is-layout-9d6595d7 wp-block-columns-is-layout-flex\">\n<div class=\"wp-block-column is-layout-flow wp-block-column-is-layout-flow\">\n<div class=\"wp-block-getwid-icon-box getwid-animation has-text-center\" data-animation=\"headShake\"><div style=\"margin-bottom:0px\" class=\"wp-block-getwid-icon-box__icon-container is-position-top\"><div class=\"wp-block-getwid-icon-box__icon-wrapper has-text-color has-gold-color\" style=\"font-size:70px;padding:0px\"><i class=\"fas fa-truck-pickup\"><\/i><\/div><\/div><div class=\"wp-block-getwid-icon-box__content\">\n<div class=\"wp-block-getwid-advanced-heading\" style=\"margin-bottom:20px\"><h4 class=\"wp-block-getwid-advanced-heading__content\">E-Riksha Temple Transfer<\/h4><\/div>\n\n\n\n<p>Our E-riksa transfer service provides a comfortable and eco-friendly way to travel within Krishna Valley, especially for guests without a car. Available daily between 8:00 and 16:00 for up to two passengers, it offers easy access between the guesthouses, the temple, and Somogyv\u00e1mos with advance booking.<\/p>\n<\/div><\/div>\n\n\n\n<div class=\"wp-block-getwid-button-group\"><div class=\"wp-block-getwid-button-group__wrapper has-spacing-normal has-alignment-center\">\n<div class=\"wp-block-button is-style-outline is-style-outline--8\"><a class=\"wp-block-button__link wp-element-button\" href=\"https:\/\/vendeghaz.krisnavolgy.hu\/en\/services\/e-riksha-temple-transfer\/\" target=\"_blank\" rel=\"noreferrer noopener\">More info<\/a><\/div>\n<\/div><\/div>\n<\/div>\n\n\n\n<div class=\"wp-block-column is-layout-flow wp-block-column-is-layout-flow\">\n<div class=\"wp-block-getwid-icon-box getwid-animation has-text-center\" data-animation=\"bounce\"><div style=\"margin-bottom:0px\" class=\"wp-block-getwid-icon-box__icon-container is-position-top\"><div class=\"wp-block-getwid-icon-box__icon-wrapper has-text-color has-gold-color\" style=\"font-size:70px;padding:0px\"><i class=\"fas fa-map-marked-alt\"><\/i><\/div><\/div><div class=\"wp-block-getwid-icon-box__content\">\n<div class=\"wp-block-getwid-advanced-heading\" style=\"margin-bottom:20px\"><h4 class=\"wp-block-getwid-advanced-heading__content\">Parikrama tours<\/h4><\/div>\n\n\n\n<p>Experience a deeper connection to the l\u012bl\u0101s of \u015ar\u012b K\u1e5b\u1e63\u1e47a through the guided Parikrama tour, created especially for Indian guests and devotees who are already familiar with His pastimes and wish to deepen their remembrance and devotion even further.<\/p>\n<\/div><\/div>\n\n\n\n<div class=\"wp-block-columns is-layout-flex wp-container-core-columns-is-layout-9d6595d7 wp-block-columns-is-layout-flex\">\n<div class=\"wp-block-column is-layout-flow wp-block-column-is-layout-flow\">\n<div class=\"wp-block-buttons is-horizontal is-content-justification-center is-layout-flex wp-container-core-buttons-is-layout-499968f5 wp-block-buttons-is-layout-flex\">\n<div class=\"wp-block-button is-style-outline is-style-outline--9\"><a class=\"wp-block-button__link wp-element-button\" href=\"https:\/\/vendeghaz.krisnavolgy.hu\/services\/parikrama-tura\/\" target=\"_blank\" rel=\"noreferrer noopener\">More info<\/a><\/div>\n<\/div>\n<\/div>\n<\/div>\n<\/div>\n<\/div>\n\n\n\n<div style=\"height:100px\" aria-hidden=\"true\" class=\"wp-block-spacer\"><\/div>\n<\/div><\/div><\/div><\/div><\/div>\n\n<div class=\"wp-block-getwid-section alignfull getwid-margin-top-none getwid-margin-bottom-none\"><div class=\"wp-block-getwid-section__wrapper getwid-padding-top-none getwid-padding-bottom-none getwid-padding-left-medium getwid-padding-right-medium getwid-padding-mobile-left-small getwid-padding-mobile-right-small\"><div class=\"wp-block-getwid-section__inner-wrapper\"><div class=\"wp-block-getwid-section__background-holder\"><div class=\"wp-block-getwid-section__background\" style=\"background-image:url('https:\/\/vendeghaz.krisnavolgy.hu\/wp-content\/uploads\/2020\/12\/Gallery6.jpg')\"><div class=\"wp-block-getwid-section__background-image-wrapper\"><img decoding=\"async\" class=\"wp-block-getwid-section__background-image\" src=\"https:\/\/vendeghaz.krisnavolgy.hu\/wp-content\/uploads\/2020\/12\/Gallery6.jpg\" alt=\"\"\/><\/div><\/div><div class=\"wp-block-getwid-section__foreground\"><\/div><\/div><div class=\"wp-block-getwid-section__content\"><div class=\"wp-block-getwid-section__inner-content\">\n<div class=\"wp-block-getwid-section\" style=\"margin-top:-60px;margin-bottom:-60px\"><div class=\"wp-block-getwid-section__wrapper getwid-padding-left-normal getwid-padding-right-normal getwid-margin-tablet-right-none\" style=\"margin-right:50%;padding-top:109px;padding-bottom:110px\"><div class=\"wp-block-getwid-section__inner-wrapper\"><div class=\"wp-block-getwid-section__background-holder\"><div class=\"wp-block-getwid-section__background has-background has-blue-background-color\"><\/div><div class=\"wp-block-getwid-section__foreground\" style=\"background-image:url('https:\/\/vendeghaz.krisnavolgy.hu\/wp-content\/uploads\/2020\/01\/mkthk_ornament-5.png');background-position:top left;background-size:auto\"><\/div><\/div><div class=\"wp-block-getwid-section__content\"><div class=\"wp-block-getwid-section__inner-content\">\n<div class=\"wp-block-getwid-advanced-heading has-custom-font-size\" style=\"font-size:31px;margin-bottom:40px\"><h3 class=\"wp-block-getwid-advanced-heading__content has-text-color has-white-color\">Facilities<\/h3><\/div>\n\n\n\n<p class=\"has-white-color has-text-color\">Krishna Valley provides all guests with the necessary amenities to make your experience at our guesthouses unforgettable and pleasant. We care about your stay here and have arranged all the facilities that you need for comfort and stress-free rest.<\/p>\n\n\n\n<div style=\"height:30px\" aria-hidden=\"true\" class=\"wp-block-spacer\"><\/div>\n\n\n\n<div class=\"wp-block-columns has-3-columns is-layout-flex wp-container-core-columns-is-layout-9d6595d7 wp-block-columns-is-layout-flex\">\n<div class=\"wp-block-column is-layout-flow wp-block-column-is-layout-flow\">\n<div class=\"wp-block-getwid-icon-box has-text-center\"><div style=\"margin-bottom:12px\" class=\"wp-block-getwid-icon-box__icon-container has-layout-stacked is-position-top\"><div class=\"wp-block-getwid-icon-box__icon-wrapper has-background has-white-background-color has-text-color has-gold-color\" style=\"font-size:18px;padding:20px\"><i class=\"fas fa-wifi\"><\/i><\/div><\/div><div class=\"wp-block-getwid-icon-box__content\">\n<div class=\"wp-block-getwid-advanced-heading\"><h6 class=\"wp-block-getwid-advanced-heading__content has-text-color has-white-color\">Free WiFi<\/h6><\/div>\n<\/div><\/div>\n\n\n\n<div class=\"wp-block-getwid-icon-box has-text-center\"><div style=\"margin-bottom:12px\" class=\"wp-block-getwid-icon-box__icon-container has-layout-stacked is-position-top\"><div class=\"wp-block-getwid-icon-box__icon-wrapper has-background has-white-background-color has-text-color has-gold-color\" style=\"font-size:18px;padding:20px\"><i class=\"fas fa-praying-hands\"><\/i><\/div><\/div><div class=\"wp-block-getwid-icon-box__content\">\n<div class=\"wp-block-getwid-advanced-heading\"><h6 class=\"wp-block-getwid-advanced-heading__content has-text-color has-white-color\">Meditation<\/h6><\/div>\n<\/div><\/div>\n<\/div>\n\n\n\n<div class=\"wp-block-column is-layout-flow wp-block-column-is-layout-flow\">\n<div class=\"wp-block-getwid-icon-box has-text-center\"><div style=\"margin-bottom:12px\" class=\"wp-block-getwid-icon-box__icon-container has-layout-stacked is-position-top\"><div class=\"wp-block-getwid-icon-box__icon-wrapper has-background has-white-background-color has-text-color has-gold-color\" style=\"font-size:18px;padding:20px\"><i class=\"fas fa-bed\"><\/i><\/div><\/div><div class=\"wp-block-getwid-icon-box__content\">\n<div class=\"wp-block-getwid-advanced-heading\"><h6 class=\"wp-block-getwid-advanced-heading__content has-text-color has-white-color\">Comfy rooms<\/h6><\/div>\n<\/div><\/div>\n\n\n\n<div class=\"wp-block-getwid-icon-box has-text-center\"><div style=\"margin-bottom:12px\" class=\"wp-block-getwid-icon-box__icon-container has-layout-stacked is-position-top\"><div class=\"wp-block-getwid-icon-box__icon-wrapper has-background has-white-background-color has-text-color has-gold-color\" style=\"font-size:18px;padding:20px\"><i class=\"fas fa-spa\"><\/i><\/div><\/div><div class=\"wp-block-getwid-icon-box__content\">\n<div class=\"wp-block-getwid-advanced-heading\"><h6 class=\"wp-block-getwid-advanced-heading__content has-text-color has-white-color\">Tours<\/h6><\/div>\n<\/div><\/div>\n<\/div>\n\n\n\n<div class=\"wp-block-column is-layout-flow wp-block-column-is-layout-flow\">\n<div class=\"wp-block-getwid-icon-box has-text-center\"><div style=\"margin-bottom:12px\" class=\"wp-block-getwid-icon-box__icon-container has-layout-stacked is-position-top\"><div class=\"wp-block-getwid-icon-box__icon-wrapper has-background has-white-background-color has-text-color has-gold-color\" style=\"font-size:18px;padding:20px\"><i class=\"fas fa-smoking\"><\/i><\/div><\/div><div class=\"wp-block-getwid-icon-box__content\">\n<div class=\"wp-block-getwid-advanced-heading\"><h6 class=\"wp-block-getwid-advanced-heading__content has-text-color has-white-color\">Non-smoking<\/h6><\/div>\n<\/div><\/div>\n\n\n\n<div class=\"wp-block-getwid-icon-box has-text-center\"><div style=\"margin-bottom:12px\" class=\"wp-block-getwid-icon-box__icon-container has-layout-stacked is-position-top\"><div class=\"wp-block-getwid-icon-box__icon-wrapper has-background has-white-background-color has-text-color has-gold-color\" style=\"font-size:18px;padding:20px\"><i class=\"fas fa-bath\"><\/i><\/div><\/div><div class=\"wp-block-getwid-icon-box__content\">\n<div class=\"wp-block-getwid-advanced-heading\"><h6 class=\"wp-block-getwid-advanced-heading__content has-text-color has-white-color\">Private washrooms<\/h6><\/div>\n<\/div><\/div>\n<\/div>\n<\/div>\n<\/div><\/div><\/div><\/div><\/div>\n<\/div><\/div><\/div><\/div><\/div>\n\n<p><\/p>\n","protected":false},"excerpt":{"rendered":"<p>We await our dear guests with a variety of interesting, colorful or useful services!<\/p>\n","protected":false},"author":2,"featured_media":5499,"parent":11,"menu_order":2,"comment_status":"closed","ping_status":"closed","template":"","meta":{"_acf_changed":false,"footnotes":""},"class_list":["post-358","page","type-page","status-publish","has-post-thumbnail","hentry"],"acf":[],"_links":{"self":[{"href":"https:\/\/vendeghaz.krisnavolgy.hu\/en\/wp-json\/wp\/v2\/pages\/358","targetHints":{"allow":["GET"]}}],"collection":[{"href":"https:\/\/vendeghaz.krisnavolgy.hu\/en\/wp-json\/wp\/v2\/pages"}],"about":[{"href":"https:\/\/vendeghaz.krisnavolgy.hu\/en\/wp-json\/wp\/v2\/types\/page"}],"author":[{"embeddable":true,"href":"https:\/\/vendeghaz.krisnavolgy.hu\/en\/wp-json\/wp\/v2\/users\/2"}],"replies":[{"embeddable":true,"href":"https:\/\/vendeghaz.krisnavolgy.hu\/en\/wp-json\/wp\/v2\/comments?post=358"}],"version-history":[{"count":56,"href":"https:\/\/vendeghaz.krisnavolgy.hu\/en\/wp-json\/wp\/v2\/pages\/358\/revisions"}],"predecessor-version":[{"id":67452,"href":"https:\/\/vendeghaz.krisnavolgy.hu\/en\/wp-json\/wp\/v2\/pages\/358\/revisions\/67452"}],"up":[{"embeddable":true,"href":"https:\/\/vendeghaz.krisnavolgy.hu\/en\/wp-json\/wp\/v2\/pages\/11"}],"wp:featuredmedia":[{"embeddable":true,"href":"https:\/\/vendeghaz.krisnavolgy.hu\/en\/wp-json\/wp\/v2\/media\/5499"}],"wp:attachment":[{"href":"https:\/\/vendeghaz.krisnavolgy.hu\/en\/wp-json\/wp\/v2\/media?parent=358"}],"curies":[{"name":"wp","href":"https:\/\/api.w.org\/{rel}","templated":true}]}}