{"id":7389,"date":"2021-06-28T09:42:07","date_gmt":"2021-06-28T09:42:07","guid":{"rendered":"https:\/\/vendeghaz.krisnavolgy.hu\/booking\/"},"modified":"2026-02-12T19:40:19","modified_gmt":"2026-02-12T18:40:19","slug":"booking","status":"publish","type":"page","link":"https:\/\/vendeghaz.krisnavolgy.hu\/en\/booking\/","title":{"rendered":"Booking"},"content":{"rendered":"<div class=\"mphb_sc_search-wrapper \">\n<form method=\"GET\" class=\"mphb_sc_search-form\" action=\"https:\/\/vendeghaz.krisnavolgy.hu\/en\/search-results-2\/\" data-first_available_check_in_date=\"2026-04-10\">\n\n\t<p class = \"mphb-required-fields-tip\">\n\t<small>\n\t\tRequired fields are followed by\t\t<abbr title=\"required\">*<\/abbr>\n\t<\/small>\n<\/p>\n\n\t<p class=\"mphb_sc_search-check-in-date\">\n\t\t<label for=\"mphb_check_in_date-mphb-search-form-69d6a9809bcb3\">\n\t\t\tCheck-in\t\t\t<abbr title=\"Formatted as dd\/mm\/yyyy\">*<\/abbr>\n\t\t<\/label>\n\t\t<br \/>\n\t\t<input\n\t\t\tid=\"mphb_check_in_date-mphb-search-form-69d6a9809bcb3\"\n\t\t\tdata-datepick-group=\"mphb-search-form-69d6a9809bcb3\"\n\t\t\tvalue=\"\"\n\t\t\tplaceholder=\"Check-in Date\"\n\t\t\trequired=\"required\"\n\t\t\ttype=\"text\"\n\t\t\tinputmode=\"none\"\n\t\t\tname=\"mphb_check_in_date\"\n\t\t\tclass=\"mphb-datepick\"\n\t\t\tautocomplete=\"off\"\n\t\t\t\/>\n\t<\/p>\n\n\t<p class=\"mphb_sc_search-check-out-date\">\n\t\t<label for=\"mphb_check_out_date-mphb-search-form-69d6a9809bcb3\">\n\t\t\tCheck-out\t\t\t<abbr title=\"Formatted as dd\/mm\/yyyy\">*<\/abbr>\n\t\t<\/label>\n\t\t<br \/>\n\t\t<input\n\t\t\tid=\"mphb_check_out_date-mphb-search-form-69d6a9809bcb3\"\n\t\t\tdata-datepick-group=\"mphb-search-form-69d6a9809bcb3\"\n\t\t\tvalue=\"\"\n\t\t\tplaceholder=\"Check-out Date\"\n\t\t\trequired=\"required\"\n\t\t\ttype=\"text\"\n\t\t\tinputmode=\"none\"\n\t\t\tname=\"mphb_check_out_date\"\n\t\t\tclass=\"mphb-datepick\"\n\t\t\tautocomplete=\"off\"\n\t\t\t\/>\n\t<\/p>\n\n\t\t\t<p class=\"mphb_sc_search-adults\">\n\t\t\t<label for=\"mphb_adults-mphb-search-form-69d6a9809bcb3\">\n\t\t\t\tAdults\t\t\t<\/label>\n\t\t\t<br \/>\n\t\t\t<select id=\"mphb_adults-mphb-search-form-69d6a9809bcb3\" name=\"mphb_adults\" >\n\t\t\t\t\t\t\t\t\t<option value=\"1\"  selected='selected'>1<\/option>\n\t\t\t\t\t\t\t\t\t<option value=\"2\" >2<\/option>\n\t\t\t\t\t\t\t\t\t<option value=\"3\" >3<\/option>\n\t\t\t\t\t\t\t\t\t<option value=\"4\" >4<\/option>\n\t\t\t\t\t\t\t\t\t<option value=\"5\" >5<\/option>\n\t\t\t\t\t\t\t\t\t<option value=\"6\" >6<\/option>\n\t\t\t\t\t\t\t\t\t<option value=\"7\" >7<\/option>\n\t\t\t\t\t\t\t\t\t<option value=\"8\" >8<\/option>\n\t\t\t\t\t\t\t\t\t<option value=\"9\" >9<\/option>\n\t\t\t\t\t\t\t\t\t<option value=\"10\" >10<\/option>\n\t\t\t\t\t\t\t\t\t<option value=\"11\" >11<\/option>\n\t\t\t\t\t\t\t\t\t<option value=\"12\" >12<\/option>\n\t\t\t\t\t\t\t\t\t<option value=\"13\" >13<\/option>\n\t\t\t\t\t\t\t\t\t<option value=\"14\" >14<\/option>\n\t\t\t\t\t\t\t\t\t<option value=\"15\" >15<\/option>\n\t\t\t\t\t\t\t\t\t<option value=\"16\" >16<\/option>\n\t\t\t\t\t\t\t\t\t<option value=\"17\" >17<\/option>\n\t\t\t\t\t\t\t\t\t<option value=\"18\" >18<\/option>\n\t\t\t\t\t\t\t\t\t<option value=\"19\" >19<\/option>\n\t\t\t\t\t\t\t\t\t<option value=\"20\" >20<\/option>\n\t\t\t\t\t\t\t\t\t<option value=\"21\" >21<\/option>\n\t\t\t\t\t\t\t\t\t<option value=\"22\" >22<\/option>\n\t\t\t\t\t\t\t\t\t<option value=\"23\" >23<\/option>\n\t\t\t\t\t\t\t\t\t<option value=\"24\" >24<\/option>\n\t\t\t\t\t\t\t\t\t<option value=\"25\" >25<\/option>\n\t\t\t\t\t\t\t\t\t<option value=\"26\" >26<\/option>\n\t\t\t\t\t\t\t\t\t<option value=\"27\" >27<\/option>\n\t\t\t\t\t\t\t\t\t<option value=\"28\" >28<\/option>\n\t\t\t\t\t\t\t\t\t<option value=\"29\" >29<\/option>\n\t\t\t\t\t\t\t\t\t<option value=\"30\" >30<\/option>\n\t\t\t\t\t\t\t\t\t<option value=\"31\" >31<\/option>\n\t\t\t\t\t\t\t\t\t<option value=\"32\" >32<\/option>\n\t\t\t\t\t\t\t\t\t<option value=\"33\" >33<\/option>\n\t\t\t\t\t\t\t\t\t<option value=\"34\" >34<\/option>\n\t\t\t\t\t\t\t\t\t<option value=\"35\" >35<\/option>\n\t\t\t\t\t\t\t\t\t<option value=\"36\" >36<\/option>\n\t\t\t\t\t\t\t\t\t<option value=\"37\" >37<\/option>\n\t\t\t\t\t\t\t\t\t<option value=\"38\" >38<\/option>\n\t\t\t\t\t\t\t\t\t<option value=\"39\" >39<\/option>\n\t\t\t\t\t\t\t\t\t<option value=\"40\" >40<\/option>\n\t\t\t\t\t\t\t<\/select>\n\t\t<\/p>\n\t\n\t\t\t<p class=\"mphb_sc_search-children\">\n\t\t\t<label for=\"mphb_children-mphb-search-form-69d6a9809bcb3\">\n\t\t\t\tChildren Under 18\t\t\t<\/label>\n\t\t\t<br \/>\n\t\t\t<select id=\"mphb_children-mphb-search-form-69d6a9809bcb3\" name=\"mphb_children\">\n\t\t\t\t\t\t\t\t\t<option value=\"0\"  selected='selected'>0<\/option>\n\t\t\t\t\t\t\t\t\t<option value=\"1\" >1<\/option>\n\t\t\t\t\t\t\t\t\t<option value=\"2\" >2<\/option>\n\t\t\t\t\t\t\t\t\t<option value=\"3\" >3<\/option>\n\t\t\t\t\t\t\t\t\t<option value=\"4\" >4<\/option>\n\t\t\t\t\t\t\t\t\t<option value=\"5\" >5<\/option>\n\t\t\t\t\t\t\t\t\t<option value=\"6\" >6<\/option>\n\t\t\t\t\t\t\t\t\t<option value=\"7\" >7<\/option>\n\t\t\t\t\t\t\t\t\t<option value=\"8\" >8<\/option>\n\t\t\t\t\t\t\t\t\t<option value=\"9\" >9<\/option>\n\t\t\t\t\t\t\t\t\t<option value=\"10\" >10<\/option>\n\t\t\t\t\t\t\t\t\t<option value=\"11\" >11<\/option>\n\t\t\t\t\t\t\t\t\t<option value=\"12\" >12<\/option>\n\t\t\t\t\t\t\t\t\t<option value=\"13\" >13<\/option>\n\t\t\t\t\t\t\t\t\t<option value=\"14\" >14<\/option>\n\t\t\t\t\t\t\t\t\t<option value=\"15\" >15<\/option>\n\t\t\t\t\t\t\t\t\t<option value=\"16\" >16<\/option>\n\t\t\t\t\t\t\t\t\t<option value=\"17\" >17<\/option>\n\t\t\t\t\t\t\t\t\t<option value=\"18\" >18<\/option>\n\t\t\t\t\t\t\t\t\t<option value=\"19\" >19<\/option>\n\t\t\t\t\t\t\t\t\t<option value=\"20\" >20<\/option>\n\t\t\t\t\t\t\t<\/select>\n\t\t<\/p>\n\t\n\t\n\t\n\t<input id=\"mphb_check_in_date-mphb-search-form-69d6a9809bcb3-hidden\" value=\"\" type=\"hidden\" name=\"mphb_check_in_date\" \/><input id=\"mphb_check_out_date-mphb-search-form-69d6a9809bcb3-hidden\" value=\"\" type=\"hidden\" name=\"mphb_check_out_date\" \/>\n\t<p class=\"mphb_sc_search-submit-button-wrapper\">\n\t\t<input type=\"submit\" class=\"button\" value=\"Search\"\/>\n\t<\/p>\n\n\t\n<\/form>\n<\/div>\n\n\n\t\t<div id=\"mphb-group-availability-calendar-69d6a980aebfb\" class=\"mphb-group-availability-calendar \">\n\t\t\t<div class=\"mphb-placeholder is-navigation\" style=\"width: 200px;\">&nbsp;<\/div>\n\t\t\t<div class=\"mphb-placeholder is-dates\" style=\"width: 100%;\">&nbsp;<\/div>\n\t\t\t<div class=\"mphb-placeholder is-accommodation-title\" style=\"width: 200px;\">&nbsp;<\/div><div class=\"mphb-placeholder is-accommodation-dates\" style=\"width: 100%;\">&nbsp;<\/div><div class=\"mphb-placeholder is-accommodation-title\" style=\"width: 200px;\">&nbsp;<\/div><div class=\"mphb-placeholder is-accommodation-dates\" style=\"width: 100%;\">&nbsp;<\/div><div class=\"mphb-placeholder is-accommodation-title\" style=\"width: 200px;\">&nbsp;<\/div><div class=\"mphb-placeholder is-accommodation-dates\" style=\"width: 100%;\">&nbsp;<\/div><div class=\"mphb-placeholder is-accommodation-title\" style=\"width: 200px;\">&nbsp;<\/div><div class=\"mphb-placeholder is-accommodation-dates\" style=\"width: 100%;\">&nbsp;<\/div><div class=\"mphb-placeholder is-accommodation-title\" style=\"width: 200px;\">&nbsp;<\/div><div class=\"mphb-placeholder is-accommodation-dates\" style=\"width: 100%;\">&nbsp;<\/div><div class=\"mphb-placeholder is-accommodation-title\" style=\"width: 200px;\">&nbsp;<\/div><div class=\"mphb-placeholder is-accommodation-dates\" style=\"width: 100%;\">&nbsp;<\/div><div class=\"mphb-placeholder is-accommodation-title\" style=\"width: 200px;\">&nbsp;<\/div><div class=\"mphb-placeholder is-accommodation-dates\" style=\"width: 100%;\">&nbsp;<\/div><div class=\"mphb-placeholder is-accommodation-title\" style=\"width: 200px;\">&nbsp;<\/div><div class=\"mphb-placeholder is-accommodation-dates\" style=\"width: 100%;\">&nbsp;<\/div><div class=\"mphb-placeholder is-accommodation-title\" style=\"width: 200px;\">&nbsp;<\/div><div class=\"mphb-placeholder is-accommodation-dates\" style=\"width: 100%;\">&nbsp;<\/div>\t\t<\/div>\n\t\t<script type=\"application\/json\" id=\"mphb-group-availability-calendar-69d6a980aebfb_props\">\n\t\t\t{\"startDate\":\"\",\"roomTypes\":[{\"id\":856,\"title\":\"Kamala Bhavan f\u00e9rfi h\u00e1l\u00f3terem\",\"pageUrl\":\"https:\\\/\\\/vendeghaz.krisnavolgy.hu\\\/accommodation\\\/ferfi-haloterem\\\/\"},{\"id\":858,\"title\":\"Kamala Bhavan n\u0151i h\u00e1l\u00f3terem\",\"pageUrl\":\"https:\\\/\\\/vendeghaz.krisnavolgy.hu\\\/accommodation\\\/noi-haloterem\\\/\"},{\"id\":851,\"title\":\"Gurudeva Bhavan k\u00e9t\u00e1gyas szoba saj\u00e1t f\u00fcrd\u0151szob\u00e1val\",\"pageUrl\":\"https:\\\/\\\/vendeghaz.krisnavolgy.hu\\\/accommodation\\\/gurudeva-bhavan-ketagyas-szoba-furdovel\\\/\"},{\"id\":848,\"title\":\"Gurudeva Bhavan k\u00e9t\u00e1gyas szoba k\u00f6z\u00f6s f\u00fcrd\u0151szob\u00e1val\",\"pageUrl\":\"https:\\\/\\\/vendeghaz.krisnavolgy.hu\\\/accommodation\\\/gurudeva-bhavan-ketagyas-szoba\\\/\"},{\"id\":44326,\"title\":\"Elef\u00e1ntos egy\u00e1gyas szoba saj\u00e1t f\u00fcrd\u0151vel\",\"pageUrl\":\"https:\\\/\\\/vendeghaz.krisnavolgy.hu\\\/accommodation\\\/elefantos-egyagyas-szoba-sajat-furdovel\\\/\"},{\"id\":44306,\"title\":\"Elef\u00e1ntos k\u00e9t\u00e1gyas szoba saj\u00e1t f\u00fcrd\u0151vel\",\"pageUrl\":\"https:\\\/\\\/vendeghaz.krisnavolgy.hu\\\/accommodation\\\/elefantos-ketagyas-szoba-sajat-furdovel\\\/\"},{\"id\":5742,\"title\":\"Kamala Kutir egy\u00e1gyas szoba saj\u00e1t f\u00fcrd\u0151szob\u00e1val\",\"pageUrl\":\"https:\\\/\\\/vendeghaz.krisnavolgy.hu\\\/accommodation\\\/kamala-kutir-egyagyas-szoba-sajat-furdovel\\\/\"},{\"id\":5741,\"title\":\"Kamala Kutir egy\u00e1gyas szoba k\u00f6z\u00f6s f\u00fcrd\u0151szob\u00e1val\",\"pageUrl\":\"https:\\\/\\\/vendeghaz.krisnavolgy.hu\\\/accommodation\\\/kamala-kutir-egyagyas-szoba\\\/\"},{\"id\":845,\"title\":\"Gurudeva Bhavan h\u00e1rom\u00e1gyas szoba k\u00f6z\u00f6s f\u00fcrd\u0151szob\u00e1val\",\"pageUrl\":\"https:\\\/\\\/vendeghaz.krisnavolgy.hu\\\/accommodation\\\/gurudeva-bhavan-haromagyas-szoba\\\/\"}]}\t\t<\/script>\n\n\t\t\n\n\n\n<p><\/p>\n","protected":false},"excerpt":{"rendered":"","protected":false},"author":2,"featured_media":0,"parent":0,"menu_order":0,"comment_status":"closed","ping_status":"closed","template":"","meta":{"_acf_changed":false,"footnotes":""},"class_list":["post-7389","page","type-page","status-publish","hentry"],"acf":[],"_links":{"self":[{"href":"https:\/\/vendeghaz.krisnavolgy.hu\/en\/wp-json\/wp\/v2\/pages\/7389","targetHints":{"allow":["GET"]}}],"collection":[{"href":"https:\/\/vendeghaz.krisnavolgy.hu\/en\/wp-json\/wp\/v2\/pages"}],"about":[{"href":"https:\/\/vendeghaz.krisnavolgy.hu\/en\/wp-json\/wp\/v2\/types\/page"}],"author":[{"embeddable":true,"href":"https:\/\/vendeghaz.krisnavolgy.hu\/en\/wp-json\/wp\/v2\/users\/2"}],"replies":[{"embeddable":true,"href":"https:\/\/vendeghaz.krisnavolgy.hu\/en\/wp-json\/wp\/v2\/comments?post=7389"}],"version-history":[{"count":4,"href":"https:\/\/vendeghaz.krisnavolgy.hu\/en\/wp-json\/wp\/v2\/pages\/7389\/revisions"}],"predecessor-version":[{"id":66644,"href":"https:\/\/vendeghaz.krisnavolgy.hu\/en\/wp-json\/wp\/v2\/pages\/7389\/revisions\/66644"}],"wp:attachment":[{"href":"https:\/\/vendeghaz.krisnavolgy.hu\/en\/wp-json\/wp\/v2\/media?parent=7389"}],"curies":[{"name":"wp","href":"https:\/\/api.w.org\/{rel}","templated":true}]}}